{"id":68,"date":"2023-04-28T13:47:15","date_gmt":"2023-04-28T13:47:15","guid":{"rendered":"https:\/\/okurokurhukuk.com\/?page_id=68"},"modified":"2023-05-10T07:15:15","modified_gmt":"2023-05-10T07:15:15","slug":"hakkimizda-about-us","status":"publish","type":"page","link":"https:\/\/okurokurhukuk.com\/?page_id=68","title":{"rendered":"Hakk\u0131m\u0131zda \/ About Us"},"content":{"rendered":"<div class=\"wp-block-image is-style-rounded\">\n<figure class=\"aligncenter size-large is-resized\"><img loading=\"lazy\" decoding=\"async\" src=\"https:\/\/okurokurhukuk.com\/wp-content\/uploads\/2023\/04\/Flag_of_the_United_Kingdom-1024x512.png\" alt=\"\" class=\"wp-image-69\" width=\"443\" height=\"222\" srcset=\"https:\/\/okurokurhukuk.com\/wp-content\/uploads\/2023\/04\/Flag_of_the_United_Kingdom-1024x512.png 1024w, https:\/\/okurokurhukuk.com\/wp-content\/uploads\/2023\/04\/Flag_of_the_United_Kingdom-300x150.png 300w, https:\/\/okurokurhukuk.com\/wp-content\/uploads\/2023\/04\/Flag_of_the_United_Kingdom-768x384.png 768w, https:\/\/okurokurhukuk.com\/wp-content\/uploads\/2023\/04\/Flag_of_the_United_Kingdom-1536x768.png 1536w, https:\/\/okurokurhukuk.com\/wp-content\/uploads\/2023\/04\/Flag_of_the_United_Kingdom-720x360.png 720w, https:\/\/okurokurhukuk.com\/wp-content\/uploads\/2023\/04\/Flag_of_the_United_Kingdom-600x300.png 600w, https:\/\/okurokurhukuk.com\/wp-content\/uploads\/2023\/04\/Flag_of_the_United_Kingdom.png 1920w\" sizes=\"auto, (max-width: 443px) 100vw, 443px\" \/><\/figure><\/div>\n\n\n<p class=\"has-text-align-center coblocks-animate\" data-coblocks-animation=\"fadeIn\"><strong>OKUR &amp; OKUR LAW FIRM<\/strong><\/p>\n\n\n\n<p class=\"has-text-align-center\">Okur &amp; Okur was founded more than fifty years ago by Hasan Tahsin OKUR, <\/p>\n\n\n\n<p class=\"has-text-align-center\">Attorney at law, former Judge and President of the Istanbul Court of Commerce. <\/p>\n\n\n\n<p class=\"has-text-align-center\">The firm is currently headed by Dr.iur. Yigit Tahsin OKUR, Attorney at Law, member of the Istanbul Bar.<br>The firm&#8217;s field of expertise ranges from Economic Law, Banking and Fiscal Law, Corporate Law, Privatization, Legislation related to the investment and incorporation, and Acquisition of foreign companies and Banks in Turkey, Intellectual Property Law, Material Rights Law, Successoral Law, Bankruptcy and Insolvency Law, Debt Collection, Unfair Competition Law, Labor Law, International Arbitration, Civil Litigation, Commercial Law, Mergers and Acquisitions.<\/p>\n\n\n\n<p class=\"has-text-align-center\">Having a large clientele of local and international Companies, Groups of Companies and Banks, Okur &amp; Okur offers legal counseling as well as full litigation services in all areas of commercial law.<\/p>\n\n\n\n<p class=\"has-text-align-center\">Languages spoken at the Firm: Turkish, English and French.<\/p>\n\n\n\n<hr class=\"wp-block-separator has-alpha-channel-opacity\"\/>\n\n\n<div class=\"wp-block-image is-style-rounded\">\n<figure class=\"aligncenter size-large is-resized\"><img loading=\"lazy\" decoding=\"async\" src=\"https:\/\/okurokurhukuk.com\/wp-content\/uploads\/2023\/04\/Flag_of_Turkey.svg_-1024x682.png\" alt=\"\" class=\"wp-image-71\" width=\"384\" height=\"255\" srcset=\"https:\/\/okurokurhukuk.com\/wp-content\/uploads\/2023\/04\/Flag_of_Turkey.svg_-1024x682.png 1024w, https:\/\/okurokurhukuk.com\/wp-content\/uploads\/2023\/04\/Flag_of_Turkey.svg_-300x200.png 300w, https:\/\/okurokurhukuk.com\/wp-content\/uploads\/2023\/04\/Flag_of_Turkey.svg_-768x512.png 768w, https:\/\/okurokurhukuk.com\/wp-content\/uploads\/2023\/04\/Flag_of_Turkey.svg_-720x480.png 720w, https:\/\/okurokurhukuk.com\/wp-content\/uploads\/2023\/04\/Flag_of_Turkey.svg_-600x400.png 600w, https:\/\/okurokurhukuk.com\/wp-content\/uploads\/2023\/04\/Flag_of_Turkey.svg_.png 1280w\" sizes=\"auto, (max-width: 384px) 100vw, 384px\" \/><\/figure><\/div>\n\n\n<p class=\"has-text-align-center coblocks-animate\" data-coblocks-animation=\"fadeIn\"><strong>OKUR &amp; OKUR HUKUK B\u00dcROSU<\/strong><\/p>\n\n\n\n<p class=\"has-text-align-center\">Okur &amp; Okur 50 y\u0131l\u0131 a\u015fk\u0131n bir s\u00fcre \u00f6nce, \u0130stanbul Ticaret Mahkemesi eski Yarg\u0131c\u0131 ve Ba\u015fkan\u0131 Av. Hasan Tahsin OKUR taraf\u0131ndan kurulmu\u015ftur. Hukuk B\u00fcromuz \u015fu anda, \u0130stanbul Barosu \u00fcyelerinden, Av. Dr.iur. Yi\u011fit Tahsin OKUR taraf\u0131ndan y\u00f6netilmektedir.<\/p>\n\n\n\n<p class=\"has-text-align-center\"><br>B\u00fcromuzun uzmanl\u0131k alanlar\u0131 aras\u0131nda Ekonomi Hukuku, Banka Hukuku ve Mali Hukuk, Ortakl\u0131k Hukuku, \u00d6zelle\u015ftirme, \u015eirketler Hukuku, T\u00fcrkiye&#8217;deki yabanc\u0131 \u015firketlerin ve bankalar\u0131n devral\u0131nmas\u0131, Miras Hukuku, \u0130cra ve \u0130flas Hukuku, Alacak Tahsilat\u0131, Haks\u0131z Rekabete ili\u015fkin Mevzuat, \u0130\u015f Hukuku, Uluslararas\u0131 Tahkim, Medeni Usul Hukuku, Ticaret Hukuku, Franchising, Birle\u015fmeler ve Devralmalar yer almaktad\u0131r.<\/p>\n\n\n\n<p class=\"has-text-align-center\">Hem ulusal hem de uluslararas\u0131 \u015firketler, \u015firket gruplar\u0131 ve bankalardan olu\u015fan geni\u015f bir m\u00fcvekkil portf\u00f6y\u00fcne sahip olan Okur &amp; Okur, ticaret hukukunun b\u00fct\u00fcn dallar\u0131nda hukuki dan\u0131\u015fmanl\u0131k ve b\u00fct\u00fcn ihtilaflar\u0131n \u00e7\u00f6z\u00fcm\u00fc konusunda her t\u00fcrl\u00fc hizmeti sa\u011flar.<\/p>\n\n\n\n<p class=\"has-text-align-center\">B\u00fcromuzda T\u00fcrk\u00e7e, \u0130ngilizce ve Frans\u0131zca dilinde hukuki hizmet sunulmaktad\u0131r.<\/p>\n","protected":false},"excerpt":{"rendered":"<p>OKUR &amp; OKUR LAW FIRM Okur &amp; Okur was founded more than fifty years ago by Hasan Tahsin OKUR, Attorney at law, former Judge and President of the Istanbul Court of Commerce. The firm is currently headed by Dr.iur. Yigit Tahsin OKUR, Attorney at Law, member of the Istanbul Bar.The firm&#8217;s field of expertise ranges [&hellip;]<\/p>\n","protected":false},"author":1,"featured_media":0,"parent":0,"menu_order":0,"comment_status":"closed","ping_status":"closed","template":"","meta":{"_coblocks_attr":"","_coblocks_dimensions":"","_coblocks_responsive_height":"","_coblocks_accordion_ie_support":"","footnotes":""},"class_list":["post-68","page","type-page","status-publish","hentry"],"_links":{"self":[{"href":"https:\/\/okurokurhukuk.com\/index.php?rest_route=\/wp\/v2\/pages\/68","targetHints":{"allow":["GET"]}}],"collection":[{"href":"https:\/\/okurokurhukuk.com\/index.php?rest_route=\/wp\/v2\/pages"}],"about":[{"href":"https:\/\/okurokurhukuk.com\/index.php?rest_route=\/wp\/v2\/types\/page"}],"author":[{"embeddable":true,"href":"https:\/\/okurokurhukuk.com\/index.php?rest_route=\/wp\/v2\/users\/1"}],"replies":[{"embeddable":true,"href":"https:\/\/okurokurhukuk.com\/index.php?rest_route=%2Fwp%2Fv2%2Fcomments&post=68"}],"version-history":[{"count":5,"href":"https:\/\/okurokurhukuk.com\/index.php?rest_route=\/wp\/v2\/pages\/68\/revisions"}],"predecessor-version":[{"id":78,"href":"https:\/\/okurokurhukuk.com\/index.php?rest_route=\/wp\/v2\/pages\/68\/revisions\/78"}],"wp:attachment":[{"href":"https:\/\/okurokurhukuk.com\/index.php?rest_route=%2Fwp%2Fv2%2Fmedia&parent=68"}],"curies":[{"name":"wp","href":"https:\/\/api.w.org\/{rel}","templated":true}]}}